{"id":10,"date":"2022-07-11T16:10:28","date_gmt":"2022-07-11T14:10:28","guid":{"rendered":"http:\/\/www.breizhbusinesscoach.fr\/index.php\/one-page-express\/"},"modified":"2025-06-19T15:58:08","modified_gmt":"2025-06-19T13:58:08","slug":"one-page-express","status":"publish","type":"page","link":"https:\/\/www.breizhbusinesscoach.fr\/","title":{"rendered":"Front Page"},"content":{"rendered":"<div  id=\"overlapable-2\" class=\"features-coloured-icon-boxes-section\" style=\"background-color: #ffffff; background-image: none;\" data-label=\"Overlapable\" data-id=\"stripped-coloured-icon-boxes\" data-category=\"overlapable\" data-overlap=\"true\" data-ovid=\"ovid-overlapable-2-1863\">\n<div  class=\"gridContainer\">\n<div  class=\"features-coloured-icon-boxes-innerrow flexbox-list dark-text\" data-type=\"row\">\n<div  class=\"features-coloured-icon-boxes-featurecol cp3cols color6\">\n\n<img  decoding=\"async\" class=\"custom-image\" src=\"http:\/\/www.breizhbusinesscoach.fr\/wp-content\/uploads\/2023\/12\/rentabilite.png\" alt=\"\"><h4  class=\"\">D\u00e9veloppez votre rentabilit\u00e9<\/h4>\n<p  class=\"\">Pour se d\u00e9velopper et avoir les moyens de concr\u00e9tiser ses projets, la rentabilit\u00e9 est la cl\u00e9.<\/p>\nTravaillons-la ENSEMBLE !\n\n<img  decoding=\"async\" class=\"custom-image\" src=\"#\"><\/div>\n<div  class=\"features-coloured-icon-boxes-featurecol cp3cols color7\">\n\n<img  decoding=\"async\" class=\"custom-image\" src=\"http:\/\/www.breizhbusinesscoach.fr\/wp-content\/uploads\/2023\/12\/joie.png\" alt=\"\"><h4  class=\"\">Vivez \u00e0 fond votre aventure entrepreneuriale<\/h4>\n<p  class=\"\">\u00catre entrepreneur peut vous offrir la vie dont vous avez toujours r\u00eav\u00e9. Mais c\u2019est aussi une aventure passionnante dont vous pouvez appr\u00e9cier chaque moment<\/p>\n\n<\/div>\n<div  class=\"features-coloured-icon-boxes-featurecol cp3cols\">\n\n<img  decoding=\"async\" class=\"custom-image\" src=\"http:\/\/www.breizhbusinesscoach.fr\/wp-content\/uploads\/2023\/12\/satisfaction.png\" alt=\"\"><h4  class=\"\">100% Satisfait<\/h4>\n<p  class=\"\">Si le coaching d\u2019affaires a une obligation de moyens, le but est bien le r\u00e9sultat. Nous nous engageons \u00e0 ce que votre coaching ne sera pas un co\u00fbt mais un INVESTISSEMENT.<\/p>\n\n<\/div>\n<div  class=\"features-coloured-icon-boxes-featurecol cp3cols color5\">\n\n<img  decoding=\"async\" class=\"custom-image\" src=\"http:\/\/www.breizhbusinesscoach.fr\/wp-content\/uploads\/2023\/12\/experience.png\" alt=\"\"><h4  class=\"\">Appuyez sur l\u2019exp\u00e9rience<\/h4>\n<p  class=\"\">Nos coachs sont tous exp\u00e9riment\u00e9s et cetifi\u00e9s sur les outils cl\u00e9s pour offrir \u00e0 leurs clients le meilleur de leur m\u00e9tier. Certains ont m\u00eame commenc\u00e9 par \u00eatre coach\u00e9, en tant qu\u2019entrepreneur.<\/p>\n\n<\/div>\n<\/div>\n<\/div>\n<\/div><div  data-label=\"Content\" data-id=\"content-image-left-1\" data-category=\"content\" class=\"content-left-image-section content-image-left-1 white-text-section\" id=\"content-1\" style=\"background-color: rgb(235, 89, 46); background-image: none;\" data-ovid=\"ovid-content-1-166\"> <div  class=\"gridContainer\"> <div  class=\"row\"> <div  class=\"content-left-image-imgcol\" data-type=\"column\"> <img  decoding=\"async\" src=\"http:\/\/www.breizhbusinesscoach.fr\/wp-content\/uploads\/2022\/07\/agreement-2548140-scaled.jpg\" class=\"\" alt=\"\"> <\/div> <div  class=\"content-left-image-textcol dynamic-color\" data-type=\"column\"> <h2  class=\"\">Le business coaching, qu\u2019est-ce c\u2019est ?<\/h2> <p  class=\"large_text\">Le coaching d\u2019affaires est un m\u00e9tier m\u00e9connu, vecteur de mythes et d\u2019a pariori b\u00e2tis sur une m\u00e9connaissance. Pourtant, c\u2019est une cl\u00e9 de r\u00e9ussite utilis\u00e9e par les plus grands entrepreneurs, les plus grands sportifs, dans le but de tirer le meilleur parti possible de ce qu\u2019ils sont poour atteindre leurs objectifs, leurs r\u00eaves. \n<br >Le coaching est un m\u00e9tier tr\u00e8s technique qui permet aux pesonnes accompagn\u00e9es d\u2019exprimer \u2013 de mani\u00e8re confidentielle \u2013 ce qu\u2019elles attendent de leur activit\u00e9, de concevoir et d\u00e9ployer leurs plans d\u2019actions et r\u00e9colter les fruits.<\/p> <a  class=\"button color2\" href=\"#\" target=\"_self\" data-icon=\"\" rel=\"noopener\"> TESTER <\/a> <\/div> <\/div> <\/div> <\/div><div  data-label=\"Content\" data-id=\"content-image-right-1\" data-category=\"content\" class=\"content-right-image-section content-image-right-1\" id=\"content-2\" style=\"background-color: rgb(246, 246, 246);\"> <div  class=\"gridContainer\"> <div  class=\"content-right-image-gridcol\"> <div  class=\"content-right-image-textcol dynamic-color\" data-type=\"column\"> <h2  class=\"\">Les Ateliers BBC<\/h2> <p  class=\"large_text\">Tr\u00e8s r\u00e9guli\u00e8rement, nous vous proposons des ateliers th\u00e9matiques pour d\u00e9couvrir, vous approprier et vous mettre en condition d\u2019utiliser des <\/p> <a  class=\"button color7\" href=\"https:\/\/my.weezevent.com\/100-jours-pour-reussir-vos-projets\" target=\"_self\" data-icon=\"\" rel=\"noopener\"> D\u00e9couvrir <\/a> <\/div> <div  class=\"content-right-image-imgcol\" data-type=\"column\"> <img  decoding=\"async\" src=\"http:\/\/www.breizhbusinesscoach.fr\/wp-content\/uploads\/2022\/07\/atelier-BBC.png\" class=\"\" alt=\"Un-atelier-BBC\"> <\/div> <\/div> <\/div> <\/div><div  id=\"cta-1\" class=\"cta-blue-section\" style=\"background-image: none; background-color: #0c3a5a;\" data-label=\"Call to action\" data-id=\"cta-blue-section\" data-category=\"cta\" data-ovid=\"ovid-cta-1-2238\">\n<div  class=\"gridContainer\">\n<div  class=\"flexbox-list flexbox-list-align-center row\">\n<div  class=\"cta-blue-textcol dynamic-color\">\n<h2  class=\"cta-blue-text\"><b  class=\"element2\"> Rejoignez notre communaut\u00e9\u2026 <\/b><\/h2>\nen seulement une minute\n\n<\/div>\n<div  class=\"cta-blue-btncol\"><a  class=\"button big color5 dark-text\" href=\"#\" target=\"_self\" rel=\"noopener\" data-icon=\"\"> RESTEZ CONNCECT\u00c9.E <\/a><\/div>\n<\/div>\n<\/div>\n<\/div><div  data-label=\"Testimonials\" data-id=\"testimonials-boxed-section\" data-category=\"testimonials\" class=\"testimonials-boxed-section\" id=\"testimonials-1\" style=\"background-color: rgb(246, 246, 246);\"> <div  class=\"gridContainer\"> <div  class=\"testimonials-boxed-textcol dynamic-color\" data-type=\"column\"> <h2  class=\"\">Qu\u2019en disent les clients ?<\/h2>  <\/div> <div  class=\"testimonials-boxed-itemsrow dark-text\" data-type=\"row\"> <div  class=\"testimonials-boxed-itemcol cp6cols-tablet cp12cols\"> <div  class=\"testimonials-boxed-itemcard\" data-type=\"column\">  <h5  class=\"testimonials-boxed-itemname\">Arnaud Pringent<\/h5> <h6  class=\"testimonials-boxed-itempos\">DO @ Metafer Sas<\/h6> <img  decoding=\"async\" class=\"custom-image\" src=\"http:\/\/www.breizhbusinesscoach.fr\/wp-content\/uploads\/2023\/12\/a-prigent.png\" alt=\"\"><a  href=\"https:\/\/www.youtube.com\/watch?v=Y1_iTvnr7Cs\" class=\"\" target=\"_self\" rel=\"noopener\">T\u00e9moignage vid\u00e9o<\/a><\/div> <\/div>   <\/div> <\/div><\/div><div  data-label=\"Team\" data-id=\"team-colors-section\" data-category=\"team\" class=\"team-colors-section\" id=\"team-1\" style=\"background-color: rgb(246, 246, 246); background-image: none;\" data-ovid=\"ovid-team-1-3851\"> <div  class=\"gridContainer\"> <div  class=\"team-colors-textcol dynamic-color\"> <h2 >L\u2019\u00e9quipe<\/h2> <p >BreizhBusinessCoach est avant tout le cabinet d\u2019un coach d\u2019affaires certifi\u00e9 qui a b\u00e9n\u00e9fici\u00e9 du coaching et coache de puis 2008. En fonction des situations rencontr\u00e9es, il peut \u00eatre fait appel \u00e0 d\u2019autres coaches ou \u00e0 des expertises diverses.<\/p> <\/div> <div  class=\"team-colors-membersrow dark-text\" data-type=\"row\"> <div  class=\"team-colors-membercol cp6cols-tablet cp12cols color7\"> <div  class=\"team-colors-membercard\"> <div  class=\"team-colors-background\"><\/div> <div  class=\"team-colors-memberinfo\" data-type=\"column\"><img  decoding=\"async\" class=\"team-colors-memberimg\" data-size=\"500x500\" src=\"http:\/\/www.breizhbusinesscoach.fr\/wp-content\/uploads\/2022\/07\/portrait-ge-rond_XS.png\" alt=\"Ga\u00ebl \u00c9colan\"> <h4  class=\"team-colors-membername\">Ga\u00ebl \u00c9colan<\/h4> <p  class=\"team-colors-memberposition\">Co-founder &amp; CEO<\/p> <p  class=\"\">&nbsp;4 ans de coaching ont rapidement donn\u00e9 \u00e0 Ga\u00ebl le go\u00fbt \n<br >d\u2019accompagner les autres, \n<br >chefs d\u2019entreprises, managers, collaborateurs, sportifs,\n<br >vers LEUR r\u00e9ussite. <\/p> <hr  class=\"team-colors-separator\"> <\/div> <div  class=\"team-colors-membericons\" data-type=\"group\"> <a  href=\"https:\/\/www.breizhbusinesscoach.fr\/www.linkedin.com\/in\/gaelecolan\" target=\"_blank\" rel=\"noopener\" class=\"\"><i  data-cp-fa=\"true\" class=\"team-colors-icon fa fa-linkedin-square color7\"><\/i><\/a> <a  href=\"https:\/\/www.breizhbusinesscoach.fr\/www.facebook.com\/gael.pro.ecolan\" target=\"_blank\" rel=\"noopener\" class=\"\"><i  data-cp-fa=\"true\" class=\"fa team-colors-icon fa-facebook-square color7\"><\/i><\/a> <a  href=\"#\" target=\"_self\" data-reiki-hidden=\"true\" rel=\"noopener\"><i  data-cp-fa=\"true\" class=\"fa team-colors-icon fa-dribbble color10\"><\/i><\/a> <\/div> <\/div> <\/div>    <\/div> <\/div><\/div><div  data-label=\"Cta\" data-id=\"cta-centered-section-grid\" data-category=\"cta\" class=\"cta-centered-section white-text cta-centered-section-grid\" id=\"cta-2\" style=\"background-image: none; background-color: rgb(17, 60, 90);\" data-ovid=\"ovid-cta-2-135\"> <div  class=\"gridContainer\"> <div  class=\"row\"> <div  class=\"cta-centered-section-col dynamic-color\" data-type=\"column\"> <h3  class=\"cta-centered-section-tite\"> <span  class=\"span28\" href=\"#\"> Le premier coaching GRATUIT !&nbsp;<\/span><\/h3> <p  class=\"cta-centered-section-text\">Vous \u00eates curieux de ce que cle coaching d\u2019affaires pourrait vous apporter. \n<br >Envie de d\u00e9couvrir le business coaching ?\n<br ><span  style=\"font-weight: 600;\">R\u00e9servez d\u00e8s maintenant<\/span> une heure \n<br >pour d\u00e9couvrir encore plus d\u2019opportunit\u00e9s pour votre entreprise.<\/p> <a  class=\"button big color7 white-text\" href=\"https:\/\/calendly.com\/bbc-coaching\" target=\"_self\" data-icon=\"\" rel=\"noopener\"> R\u00e9servez votre cr\u00e9neau <\/a> <\/div> <\/div> <\/div> <\/div><div  id=\"numbers\" class=\"numbers-section\" data-label=\"Numbers\" data-id=\"numbers-section\" data-category=\"numbers\" data-bg=\"transparent\" data-parallax-depth=\"20\">\n<div  class=\"gridContainer dynamic-color\">\n<div  class=\"numbers-itemcol\">\n<h2  class=\"numbers-numbertext\">+25<\/h2>\n<h3  class=\"numbers-titletext\">EMPLOIS CR\u00c9\u00c9S<\/h3>\nEN 2 ANS\n\n<\/div>\n<div  class=\"numbers-itemcol\">\n<h2  class=\"numbers-numbertext\">+77%<\/h2>\n<h3  class=\"numbers-titletext\">DE CA EN PLUS<\/h3>\nEN MOYENNE\n\n<\/div>\n<div  class=\"numbers-itemcol-last\">\n<h2  class=\"numbers-numbertext\">1,5 heure<\/h2>\n<h3  class=\"numbers-titletext\">de sommeil GAGN\u00c9ES \/ Jour<\/h3>\n<\/div>\n<\/div>\n<\/div><div  id=\"contact-4\" class=\"contact-section-formsection white-text\" data-label=\"Contact\" data-id=\"contact-section\" data-category=\"contact\" data-bg=\"transparent\" style=\"background-image: none; background-color: rgba(0, 0, 0, 0);\" data-ovid=\"ovid-contact-4-164\">\n<div  class=\"gridContainer\">\n<div  class=\"row_224\">\n<div  class=\"contact-textrow\">\n<div  class=\"contact-textcol dynamic-color\">\n<h2 >Faites-nous signe !<\/h2>\nun petit signe !\n<p  class=\"white_text\">Une question sur le coaching&nbsp; de BreizhBusinessCoach ?<\/p>\nSur les b\u00e9n\u00e9fices\nque vous pouvez en tirer ?\n\nSur les membres de l\u2019\u00e9quipe ? \u2026\n\n<\/div>\n<\/div>\n<\/div>\n<div  class=\"contact-formcol\" data-content-shortcode=\"one_page_express_contact_form\" data-editable=\"true\"><p style=\"text-align:center;color:#ababab\">Contact form will be displayed here. To activate it you have to click this area and set the shortcode parameter in Customizer.<\/p><\/div>\n<\/div>\n<\/div><div  data-label=\"Latest posts\" data-id=\"blog-section\" data-category=\"latest_news\" class=\"blog-section\" style=\"background-color: rgb(246, 246, 246); background-image: none;\" id=\"latest-posts\" data-ovid=\"ovid-latest-posts-96\"> <div  class=\"gridContainer\"> <div  class=\"blog-textrow\"> <div  class=\"blog-textcol dynamic-color\" data-type=\"column\"> <h2  class=\"\">Les News et astuces<\/h2> <p  class=\"\">Retrouvez ici les derniers billets publi\u00e9s par BreizhBusinessCoach<\/p> <\/div> <\/div> <div  class=\"blog-postsrow dark-text\" data-type=\"row\" data-dynamic-columns=\"one_page_express_latest_news_columns\" data-content-shortcode=\"one_page_express_latest_news\">\t\t\t<div id=\"post-231\" class=\"blog-postcol cp4cols\">\n\t\t\t<div class=\"post-content\">\n\t\t\t\t\t\t\t\t<div class=\"row_345\">\n\t\t\t\t\t<h3 class=\"blog-title\">\n\t\t\t\t\t\t<a href=\"https:\/\/www.breizhbusinesscoach.fr\/index.php\/2025\/03\/13\/%f0%9f%8c%90-face-a-lincertitude-restons-conquerants-%f0%9f%8c%90\/\" rel=\"bookmark\">\n\t\t\t\t\t\t\t\ud83c\udf10 Face \u00e0 l&rsquo;incertitude, restons conqu\u00e9rants ! \ud83c\udf10\t\t\t\t\t\t<\/a>\n\t\t\t\t\t<\/h3>\n\t\t\t\t\t<p>En p\u00e9riode de doute, il est tentant de se laisser submerger par la peur et l&rsquo;incertitude. Du fait de la situation en Ukraine ou les \u00e9v\u00e9nements aux \u00c9tats-Unis, beaucoup choisissent[&hellip;]<\/p>\n\t\t\t\t\t<a class=\"button blue small\" href=\"https:\/\/www.breizhbusinesscoach.fr\/index.php\/2025\/03\/13\/%f0%9f%8c%90-face-a-lincertitude-restons-conquerants-%f0%9f%8c%90\/\">\n\t\t\t\t\t\t<span data-theme=\"one_page_express_latest_news_read_more\">Read more<\/span>\n\t\t\t\t\t<\/a>\n\t\t\t\t\t<hr class=\"blog-separator\">\n<div class=\"post-header\">\n    <i class=\"font-icon-post fa fa-user\"><\/i>\n    <a href=\"https:\/\/www.breizhbusinesscoach.fr\/index.php\/author\/gaelecolan\/\" title=\"Articles par GaelEcolan\" rel=\"author\">GaelEcolan<\/a>    <i class=\"font-icon-post fa fa-calendar\"><\/i>\n    <span class=\"span12\">03\/13\/2025<\/span>\n\n    <i class=\"font-icon-post fa fa-comment-o\"><\/i>\n    <span>0<\/span>\n<\/div>\t\t\t\t<\/div>\n\t\t\t<\/div>\n\t\t<\/div>\n\t\t\t\t<div id=\"post-228\" class=\"blog-postcol cp4cols\">\n\t\t\t<div class=\"post-content\">\n\t\t\t\t\t\t\t\t<div class=\"row_345\">\n\t\t\t\t\t<h3 class=\"blog-title\">\n\t\t\t\t\t\t<a href=\"https:\/\/www.breizhbusinesscoach.fr\/index.php\/2025\/02\/21\/%f0%9f%92%ad-la-recette-du-succes-est-ce-bien-de-travailler-comme-un-dingue-%f0%9f%92%ad\/\" rel=\"bookmark\">\n\t\t\t\t\t\t\t\ud83d\udcad La Recette du Succ\u00e8s est-ce bien de travailler comme un Dingue ? \ud83d\udcad\t\t\t\t\t\t<\/a>\n\t\t\t\t\t<\/h3>\n\t\t\t\t\t<p>On entend souvent dire que pour r\u00e9ussir en tant que chef d&rsquo;entreprise, il faut travailler sans rel\u00e2che. Mais est-ce vraiment la meilleure strat\u00e9gie ?\ud83d\udd39 Est-ce rentable pour vous ? Combien[&hellip;]<\/p>\n\t\t\t\t\t<a class=\"button blue small\" href=\"https:\/\/www.breizhbusinesscoach.fr\/index.php\/2025\/02\/21\/%f0%9f%92%ad-la-recette-du-succes-est-ce-bien-de-travailler-comme-un-dingue-%f0%9f%92%ad\/\">\n\t\t\t\t\t\t<span data-theme=\"one_page_express_latest_news_read_more\">Read more<\/span>\n\t\t\t\t\t<\/a>\n\t\t\t\t\t<hr class=\"blog-separator\">\n<div class=\"post-header\">\n    <i class=\"font-icon-post fa fa-user\"><\/i>\n    <a href=\"https:\/\/www.breizhbusinesscoach.fr\/index.php\/author\/gaelecolan\/\" title=\"Articles par GaelEcolan\" rel=\"author\">GaelEcolan<\/a>    <i class=\"font-icon-post fa fa-calendar\"><\/i>\n    <span class=\"span12\">02\/21\/2025<\/span>\n\n    <i class=\"font-icon-post fa fa-comment-o\"><\/i>\n    <span>0<\/span>\n<\/div>\t\t\t\t<\/div>\n\t\t\t<\/div>\n\t\t<\/div>\n\t\t\t\t<div id=\"post-225\" class=\"blog-postcol cp4cols\">\n\t\t\t<div class=\"post-content\">\n\t\t\t\t\t\t\t\t<div class=\"row_345\">\n\t\t\t\t\t<h3 class=\"blog-title\">\n\t\t\t\t\t\t<a href=\"https:\/\/www.breizhbusinesscoach.fr\/index.php\/2025\/02\/12\/%f0%9f%8c%8d-crise-incertitude-instabilite-ces-derniers-mois-on-nentend-parler-que-de-ca\/\" rel=\"bookmark\">\n\t\t\t\t\t\t\t\ud83c\udf0d Crise, incertitude, instabilit\u00e9\u2026 Ces derniers mois, on n&rsquo;entend parler que de \u00e7a.\t\t\t\t\t\t<\/a>\n\t\t\t\t\t<\/h3>\n\t\t\t\t\t<p>\ud83d\udcc9 49.3 \u00e0 r\u00e9p\u00e9tition, Trump, Ukraine, Isra\u00ebl, trois gouvernements en sept mois\u2026 \u00ab\u00a0On\u00a0\u00bb dit que la situation est mauvaise, que tout va mal. Et \u00ab\u00a0on\u00a0\u00bb voudrait bien que \u00e7a change.Mais[&hellip;]<\/p>\n\t\t\t\t\t<a class=\"button blue small\" href=\"https:\/\/www.breizhbusinesscoach.fr\/index.php\/2025\/02\/12\/%f0%9f%8c%8d-crise-incertitude-instabilite-ces-derniers-mois-on-nentend-parler-que-de-ca\/\">\n\t\t\t\t\t\t<span data-theme=\"one_page_express_latest_news_read_more\">Read more<\/span>\n\t\t\t\t\t<\/a>\n\t\t\t\t\t<hr class=\"blog-separator\">\n<div class=\"post-header\">\n    <i class=\"font-icon-post fa fa-user\"><\/i>\n    <a href=\"https:\/\/www.breizhbusinesscoach.fr\/index.php\/author\/gaelecolan\/\" title=\"Articles par GaelEcolan\" rel=\"author\">GaelEcolan<\/a>    <i class=\"font-icon-post fa fa-calendar\"><\/i>\n    <span class=\"span12\">02\/12\/2025<\/span>\n\n    <i class=\"font-icon-post fa fa-comment-o\"><\/i>\n    <span>0<\/span>\n<\/div>\t\t\t\t<\/div>\n\t\t\t<\/div>\n\t\t<\/div>\n\t\t<\/div> <div  class=\"blog-textcol\"> <a  class=\"button color1\" data-attr-shortcode=\"href:one_page_express_blog_link\" href=\"https:\/\/www.breizhbusinesscoach.fr\/?post_type=post\" data-icon=\"\">Voir tous les billets de blog<\/a> <\/div> <\/div><\/div>","protected":false},"excerpt":{"rendered":"<p>D\u00e9veloppez votre rentabilit\u00e9 Pour se d\u00e9velopper et avoir les moyens de concr\u00e9tiser ses projets, la rentabilit\u00e9 est la cl\u00e9. Travaillons-la ENSEMBLE ! Vivez \u00e0 fond votre aventure entrepreneuriale \u00catre entrepreneur peut vous offrir la vie dont vous avez toujours r\u00eav\u00e9. Mais c\u2019est aussi une aventure passionnante dont vous pouvez appr\u00e9cier chaque moment 100% Satisfait Si&hellip; <br \/> <a class=\"button small blue\" href=\"https:\/\/www.breizhbusinesscoach.fr\/index.php\/2025\/02\/12\/%f0%9f%8c%8d-crise-incertitude-instabilite-ces-derniers-mois-on-nentend-parler-que-de-ca\/\">Lire la suite<\/a><\/p>\n","protected":false},"author":1,"featured_media":0,"parent":0,"menu_order":0,"comment_status":"closed","ping_status":"closed","template":"","meta":{"footnotes":""},"class_list":["post-10","page","type-page","status-publish","hentry"],"_links":{"self":[{"href":"https:\/\/www.breizhbusinesscoach.fr\/index.php\/wp-json\/wp\/v2\/pages\/10","targetHints":{"allow":["GET"]}}],"collection":[{"href":"https:\/\/www.breizhbusinesscoach.fr\/index.php\/wp-json\/wp\/v2\/pages"}],"about":[{"href":"https:\/\/www.breizhbusinesscoach.fr\/index.php\/wp-json\/wp\/v2\/types\/page"}],"author":[{"embeddable":true,"href":"https:\/\/www.breizhbusinesscoach.fr\/index.php\/wp-json\/wp\/v2\/users\/1"}],"replies":[{"embeddable":true,"href":"https:\/\/www.breizhbusinesscoach.fr\/index.php\/wp-json\/wp\/v2\/comments?post=10"}],"version-history":[{"count":45,"href":"https:\/\/www.breizhbusinesscoach.fr\/index.php\/wp-json\/wp\/v2\/pages\/10\/revisions"}],"predecessor-version":[{"id":237,"href":"https:\/\/www.breizhbusinesscoach.fr\/index.php\/wp-json\/wp\/v2\/pages\/10\/revisions\/237"}],"wp:attachment":[{"href":"https:\/\/www.breizhbusinesscoach.fr\/index.php\/wp-json\/wp\/v2\/media?parent=10"}],"curies":[{"name":"wp","href":"https:\/\/api.w.org\/{rel}","templated":true}]}}